{"id":128238,"date":"2022-09-22T11:10:10","date_gmt":"2022-09-22T10:10:10","guid":{"rendered":"https:\/\/pikitristore.com\/?post_type=product&#038;p=128238"},"modified":"2024-01-10T10:19:47","modified_gmt":"2024-01-10T10:19:47","slug":"illana-boots","status":"publish","type":"product","link":"https:\/\/pikitristore.com\/es\/produto\/illana-botas-es\/","title":{"rendered":"Botas Illana"},"content":{"rendered":"<p>\u00bfNo sabes qu\u00e9 talla elegir?<br \/>\nVer r\u00e1pido y f\u00e1cil <strong>gu\u00eda de medici\u00f3n de pies<\/strong>.<\/p>\n<p><a class=\"button-link-titlewdesc\" title=\"Haga clic aqu\u00ed\" href=\"https:\/\/pikitristore.com\/es\/feet-measuring-guide\/\" target=\"\" rel=\"noopener noreferrer\">Haga clic aqu\u00ed<\/a><\/p>\n\n<table id=\"tablepress-73ing\" class=\"tablepress tablepress-id-73ing\">\n<thead>\n<tr class=\"row-1 odd\">\n\t<th class=\"column-1\">Talla<\/th><th class=\"column-2\">24<\/th><th class=\"column-3\">25<\/th><th class=\"column-4\">26<\/th><th class=\"column-5\">27<\/th><th class=\"column-6\">28<\/th><th class=\"column-7\">29<\/th><th class=\"column-8\">30<\/th><th class=\"column-9\">31<\/th><th class=\"column-10\">32<\/th><th class=\"column-11\">33<\/th><th class=\"column-12\">34<\/th><th class=\"column-13\">35<\/th>\n<\/tr>\n<\/thead>\n<tbody class=\"row-hover\">\n<tr class=\"row-2 even\">\n\t<td class=\"column-1\">Cm<\/td><td class=\"column-2\">16<\/td><td class=\"column-3\">16,80<\/td><td class=\"column-4\">17,30<\/td><td class=\"column-5\">18,10<\/td><td class=\"column-6\">18,60<\/td><td class=\"column-7\">19,40<\/td><td class=\"column-8\">20,20<\/td><td class=\"column-9\">20,70<\/td><td class=\"column-10\">21,40<\/td><td class=\"column-11\">22,10<\/td><td class=\"column-12\">22,40<\/td><td class=\"column-13\">23,70<\/td>\n<\/tr>\n<\/tbody>\n<\/table>\n<!-- #tablepress-73ing from cache -->","protected":false},"excerpt":{"rendered":"<p>Don\u2019t know what size to choose? See quick and easy feet measuring guide. Click here<\/p>","protected":false},"featured_media":128311,"template":"","meta":[],"product_cat":[234,528],"product_tag":[616],"supplier_id":null,"supplier_sku":"","barcode":null,"atum_controlled":true,"out_stock_date":null,"out_stock_threshold":null,"inheritable":true,"inbound_stock":0,"stock_on_hold":0,"sold_today":0,"sales_last_days":0,"reserved_stock":0,"customer_returns":0,"warehouse_damage":0,"lost_in_post":0,"other_logs":0,"out_stock_days":null,"lost_sales":0,"has_location":false,"update_date":"2024-01-10T10:19:51","atum_locations":[],"atum_stock_status":"instock","restock_status":false,"low_stock_amount":"","sales_update_date":"2023-12-26T22:09:44","calc_backorders":null,"_links":{"self":[{"href":"https:\/\/pikitristore.com\/es\/wp-json\/wp\/v2\/product\/128238"}],"collection":[{"href":"https:\/\/pikitristore.com\/es\/wp-json\/wp\/v2\/product"}],"about":[{"href":"https:\/\/pikitristore.com\/es\/wp-json\/wp\/v2\/types\/product"}],"wp:featuredmedia":[{"embeddable":true,"href":"https:\/\/pikitristore.com\/es\/wp-json\/wp\/v2\/media\/128311"}],"wp:attachment":[{"href":"https:\/\/pikitristore.com\/es\/wp-json\/wp\/v2\/media?parent=128238"}],"wp:term":[{"taxonomy":"product_cat","embeddable":true,"href":"https:\/\/pikitristore.com\/es\/wp-json\/wp\/v2\/product_cat?post=128238"},{"taxonomy":"product_tag","embeddable":true,"href":"https:\/\/pikitristore.com\/es\/wp-json\/wp\/v2\/product_tag?post=128238"}],"curies":[{"name":"wp","href":"https:\/\/api.w.org\/{rel}","templated":true}]}}