{"id":120528,"date":"2021-09-22T13:34:11","date_gmt":"2021-09-22T12:34:11","guid":{"rendered":"https:\/\/pikitristore.com\/?post_type=product&#038;p=120528"},"modified":"2024-08-08T19:54:22","modified_gmt":"2024-08-08T18:54:22","slug":"antonella-ballerinas","status":"publish","type":"product","link":"https:\/\/pikitristore.com\/es\/produto\/antonella-bailarinas\/","title":{"rendered":"Bailarinas Antonella"},"content":{"rendered":"<p>\u00bfNo sabes qu\u00e9 talla elegir?<br \/>\nVer r\u00e1pido y f\u00e1cil <strong>gu\u00eda de medici\u00f3n de pies<\/strong>.<\/p>\n<p><a class=\"button-link-titlewdesc\" title=\"Haga clic aqu\u00ed\" href=\"https:\/\/pikitristore.com\/es\/feet-measuring-guide\/\" target=\"\" rel=\"noopener noreferrer\">Haga clic aqu\u00ed<\/a><\/p>\n\n<table id=\"tablepress-10ing\" class=\"tablepress tablepress-id-10ing\">\n<thead>\n<tr class=\"row-1 odd\">\n\t<th class=\"column-1\">Talla<\/th><th class=\"column-2\">25<\/th><th class=\"column-3\">26<\/th><th class=\"column-4\">27<\/th><th class=\"column-5\">28<\/th><th class=\"column-6\">29<\/th><th class=\"column-7\">30<\/th><th class=\"column-8\">31<\/th><th class=\"column-9\">32<\/th><th class=\"column-10\">33<\/th><th class=\"column-11\">34<\/th><th class=\"column-12\">35<\/th><th class=\"column-13\">36<\/th><th class=\"column-14\">37<\/th><th class=\"column-15\">38<\/th><th class=\"column-16\">39<\/th>\n<\/tr>\n<\/thead>\n<tbody class=\"row-hover\">\n<tr class=\"row-2 even\">\n\t<td class=\"column-1\">Cm<\/td><td class=\"column-2\">16.5<\/td><td class=\"column-3\">17<\/td><td class=\"column-4\">17.6<\/td><td class=\"column-5\">18.3<\/td><td class=\"column-6\">19<\/td><td class=\"column-7\">19.7<\/td><td class=\"column-8\">20.4<\/td><td class=\"column-9\">21<\/td><td class=\"column-10\">21.6<\/td><td class=\"column-11\">22.3<\/td><td class=\"column-12\">22.9<\/td><td class=\"column-13\">23.4<\/td><td class=\"column-14\">24<\/td><td class=\"column-15\">24.6<\/td><td class=\"column-16\">25.2<\/td>\n<\/tr>\n<\/tbody>\n<\/table>\n<!-- #tablepress-10ing from cache -->","protected":false},"excerpt":{"rendered":"<p>Don\u2019t know what size to choose? See quick and easy feet measuring guide. Click here<\/p>","protected":false},"featured_media":109874,"template":"","meta":[],"product_cat":[273,234],"product_tag":[],"supplier_id":null,"supplier_sku":"","barcode":null,"atum_controlled":true,"out_stock_date":null,"out_stock_threshold":null,"inheritable":true,"inbound_stock":0,"stock_on_hold":1,"sold_today":1,"sales_last_days":1,"reserved_stock":0,"customer_returns":0,"warehouse_damage":0,"lost_in_post":0,"other_logs":0,"out_stock_days":0,"lost_sales":0,"has_location":false,"update_date":"2024-08-08T17:54:25","atum_locations":[],"atum_stock_status":"instock","restock_status":false,"low_stock_amount":"","sales_update_date":"2023-06-01T12:21:01","calc_backorders":null,"_links":{"self":[{"href":"https:\/\/pikitristore.com\/es\/wp-json\/wp\/v2\/product\/120528"}],"collection":[{"href":"https:\/\/pikitristore.com\/es\/wp-json\/wp\/v2\/product"}],"about":[{"href":"https:\/\/pikitristore.com\/es\/wp-json\/wp\/v2\/types\/product"}],"wp:featuredmedia":[{"embeddable":true,"href":"https:\/\/pikitristore.com\/es\/wp-json\/wp\/v2\/media\/109874"}],"wp:attachment":[{"href":"https:\/\/pikitristore.com\/es\/wp-json\/wp\/v2\/media?parent=120528"}],"wp:term":[{"taxonomy":"product_cat","embeddable":true,"href":"https:\/\/pikitristore.com\/es\/wp-json\/wp\/v2\/product_cat?post=120528"},{"taxonomy":"product_tag","embeddable":true,"href":"https:\/\/pikitristore.com\/es\/wp-json\/wp\/v2\/product_tag?post=120528"}],"curies":[{"name":"wp","href":"https:\/\/api.w.org\/{rel}","templated":true}]}}