{"id":111172,"date":"2021-03-15T17:58:39","date_gmt":"2021-03-15T17:58:39","guid":{"rendered":"http:\/\/nupiki.wearemateria.com\/?post_type=product&#038;p=111172"},"modified":"2024-01-10T10:27:05","modified_gmt":"2024-01-10T10:27:05","slug":"baby-nicco-sandals","status":"publish","type":"product","link":"https:\/\/pikitristore.com\/es\/produto\/sandalias-baby-nicco-es\/","title":{"rendered":"Sandalias Baby Nicco"},"content":{"rendered":"<p>\u00bfNo sabes qu\u00e9 talla elegir?<br \/>\nVer r\u00e1pido y f\u00e1cil <strong>gu\u00eda de medici\u00f3n de pies<\/strong>.<\/p>\n<p><a class=\"button-link-titlewdesc\" title=\"Haga clic aqu\u00ed\" href=\"https:\/\/pikitristore.com\/es\/feet-measuring-guide\/\" target=\"\" rel=\"noopener noreferrer\">Haga clic aqu\u00ed<\/a><\/p>\n\n<table id=\"tablepress-68\" class=\"tablepress tablepress-id-68\">\n<thead>\n<tr class=\"row-1 odd\">\n\t<th class=\"column-1\">Talla<\/th><th class=\"column-2\">16<\/th><th class=\"column-3\">17<\/th><th class=\"column-4\">18<\/th><th class=\"column-5\">19<\/th><th class=\"column-6\">20<\/th><th class=\"column-7\">21<\/th><th class=\"column-8\">22<\/th><th class=\"column-9\">23<\/th><th class=\"column-10\">24<\/th><th class=\"column-11\">25<\/th><th class=\"column-12\">26<\/th><th class=\"column-13\">27<\/th>\n<\/tr>\n<\/thead>\n<tbody class=\"row-hover\">\n<tr class=\"row-2 even\">\n\t<td class=\"column-1\">Cm<\/td><td class=\"column-2\">9,90<\/td><td class=\"column-3\">10,50<\/td><td class=\"column-4\">11,00<\/td><td class=\"column-5\">11,60<\/td><td class=\"column-6\">12,30<\/td><td class=\"column-7\">13,00<\/td><td class=\"column-8\">13,60<\/td><td class=\"column-9\">14,30<\/td><td class=\"column-10\">14,90<br \/>\n<\/td><td class=\"column-11\">15,60<\/td><td class=\"column-12\">16,30<\/td><td class=\"column-13\">17,00<\/td>\n<\/tr>\n<\/tbody>\n<\/table>\n<!-- #tablepress-68 from cache -->","protected":false},"excerpt":{"rendered":"<p>Don\u2019t know what size to choose? See quick and easy feet measuring guide. Click here<\/p>","protected":false},"featured_media":111174,"template":"","meta":[],"product_cat":[288,265,234],"product_tag":[],"supplier_id":null,"supplier_sku":"","barcode":null,"atum_controlled":true,"out_stock_date":null,"out_stock_threshold":null,"inheritable":true,"inbound_stock":0,"stock_on_hold":0,"sold_today":0,"sales_last_days":0,"reserved_stock":0,"customer_returns":0,"warehouse_damage":0,"lost_in_post":0,"other_logs":0,"out_stock_days":0,"lost_sales":0,"has_location":false,"update_date":"2024-01-10T10:27:07","atum_locations":[],"atum_stock_status":"instock","restock_status":false,"low_stock_amount":"","sales_update_date":"2023-06-01T12:21:22","calc_backorders":null,"_links":{"self":[{"href":"https:\/\/pikitristore.com\/es\/wp-json\/wp\/v2\/product\/111172"}],"collection":[{"href":"https:\/\/pikitristore.com\/es\/wp-json\/wp\/v2\/product"}],"about":[{"href":"https:\/\/pikitristore.com\/es\/wp-json\/wp\/v2\/types\/product"}],"wp:featuredmedia":[{"embeddable":true,"href":"https:\/\/pikitristore.com\/es\/wp-json\/wp\/v2\/media\/111174"}],"wp:attachment":[{"href":"https:\/\/pikitristore.com\/es\/wp-json\/wp\/v2\/media?parent=111172"}],"wp:term":[{"taxonomy":"product_cat","embeddable":true,"href":"https:\/\/pikitristore.com\/es\/wp-json\/wp\/v2\/product_cat?post=111172"},{"taxonomy":"product_tag","embeddable":true,"href":"https:\/\/pikitristore.com\/es\/wp-json\/wp\/v2\/product_tag?post=111172"}],"curies":[{"name":"wp","href":"https:\/\/api.w.org\/{rel}","templated":true}]}}