{"id":103112,"date":"2017-03-10T10:18:55","date_gmt":"2017-03-10T10:18:55","guid":{"rendered":"http:\/\/nupiki.wearemateria.com\/produto\/baby-suede-shoes-with-fringes-and-pendant\/"},"modified":"2024-01-10T16:18:11","modified_gmt":"2024-01-10T16:18:11","slug":"sweet-noa-shoes","status":"publish","type":"product","link":"https:\/\/pikitristore.com\/es\/produto\/sweet-noa-zapatos\/","title":{"rendered":"Zapatos Sweet Noa"},"content":{"rendered":"<p>\u00bfNo sabes qu\u00e9 talla elegir?<br \/>\nVer r\u00e1pido y f\u00e1cil <strong>gu\u00eda de medici\u00f3n de pies<\/strong>.<\/p>\n<p><a class=\"button-link-titlewdesc\" title=\"Haga clic aqu\u00ed\" href=\"https:\/\/pikitristore.com\/es\/feet-measuring-guide\/\" target=\"\" rel=\"noopener noreferrer\">Haga clic aqu\u00ed<\/a><\/p>\n\n<table id=\"tablepress-1ing\" class=\"tablepress tablepress-id-1ing\">\n<thead>\n<tr class=\"row-1 odd\">\n\t<th class=\"column-1\">Talla<\/th><th class=\"column-2\">15<\/th><th class=\"column-3\">16<\/th><th class=\"column-4\">17<\/th><th class=\"column-5\">18<\/th><th class=\"column-6\">19<\/th>\n<\/tr>\n<\/thead>\n<tbody class=\"row-hover\">\n<tr class=\"row-2 even\">\n\t<td class=\"column-1\">Cm<\/td><td class=\"column-2\">9.50<\/td><td class=\"column-3\">10.10<\/td><td class=\"column-4\">10.70<\/td><td class=\"column-5\">11.30<\/td><td class=\"column-6\">11.90<\/td>\n<\/tr>\n<\/tbody>\n<\/table>\n<!-- #tablepress-1ing from cache -->","protected":false},"excerpt":{"rendered":"<p>Don\u2019t know what size to choose? See quick and easy feet measuring guide. Click here<\/p>","protected":false},"featured_media":103159,"template":"","meta":[],"product_cat":[288],"product_tag":[236,237,275],"supplier_id":null,"supplier_sku":"","barcode":null,"atum_controlled":true,"out_stock_date":null,"out_stock_threshold":null,"inheritable":true,"inbound_stock":0,"stock_on_hold":0,"sold_today":0,"sales_last_days":0,"reserved_stock":0,"customer_returns":0,"warehouse_damage":0,"lost_in_post":0,"other_logs":0,"out_stock_days":0,"lost_sales":0,"has_location":false,"update_date":"2024-01-10T16:18:14","atum_locations":[],"atum_stock_status":"instock","restock_status":false,"low_stock_amount":"","sales_update_date":"2023-12-26T22:10:14","calc_backorders":null,"_links":{"self":[{"href":"https:\/\/pikitristore.com\/es\/wp-json\/wp\/v2\/product\/103112"}],"collection":[{"href":"https:\/\/pikitristore.com\/es\/wp-json\/wp\/v2\/product"}],"about":[{"href":"https:\/\/pikitristore.com\/es\/wp-json\/wp\/v2\/types\/product"}],"wp:featuredmedia":[{"embeddable":true,"href":"https:\/\/pikitristore.com\/es\/wp-json\/wp\/v2\/media\/103159"}],"wp:attachment":[{"href":"https:\/\/pikitristore.com\/es\/wp-json\/wp\/v2\/media?parent=103112"}],"wp:term":[{"taxonomy":"product_cat","embeddable":true,"href":"https:\/\/pikitristore.com\/es\/wp-json\/wp\/v2\/product_cat?post=103112"},{"taxonomy":"product_tag","embeddable":true,"href":"https:\/\/pikitristore.com\/es\/wp-json\/wp\/v2\/product_tag?post=103112"}],"curies":[{"name":"wp","href":"https:\/\/api.w.org\/{rel}","templated":true}]}}