{"id":101285,"date":"2018-06-16T16:39:16","date_gmt":"2018-06-16T15:39:16","guid":{"rendered":"http:\/\/nupiki.wearemateria.com\/produto\/white-leather-sneakers\/"},"modified":"2024-03-18T14:53:12","modified_gmt":"2024-03-18T14:53:12","slug":"valenttina-sneakers","status":"publish","type":"product","link":"https:\/\/pikitristore.com\/es\/produto\/zapatillas-valenttina\/","title":{"rendered":"Zapatillas Valenttina"},"content":{"rendered":"<p>\u00bfNo sabes qu\u00e9 talla elegir?<br \/>\nVer r\u00e1pido y f\u00e1cil <strong>gu\u00eda de medici\u00f3n de pies<\/strong>.<\/p>\n<p><a class=\"button-link-titlewdesc\" title=\"Haga clic aqu\u00ed\" href=\"https:\/\/pikitristore.com\/es\/feet-measuring-guide\/\" target=\"\" rel=\"noopener noreferrer\">Haga clic aqu\u00ed<\/a><\/p>\n\n<table id=\"tablepress-32ing\" class=\"tablepress tablepress-id-32ing\">\n<thead>\n<tr class=\"row-1 odd\">\n\t<th class=\"column-1\">Talla<\/th><th class=\"column-2\">20<\/th><th class=\"column-3\">21<\/th><th class=\"column-4\">22<\/th><th class=\"column-5\">23<\/th><th class=\"column-6\">24<\/th><th class=\"column-7\">25<\/th><th class=\"column-8\">26<\/th><th class=\"column-9\">27<\/th><th class=\"column-10\">28<\/th><th class=\"column-11\">29<\/th><th class=\"column-12\">30<\/th><th class=\"column-13\">31<\/th><th class=\"column-14\">32<\/th><th class=\"column-15\">33<\/th><th class=\"column-16\">34<\/th><th class=\"column-17\">35<\/th><th class=\"column-18\">36<\/th>\n<\/tr>\n<\/thead>\n<tbody class=\"row-hover\">\n<tr class=\"row-2 even\">\n\t<td class=\"column-1\">Cm<\/td><td class=\"column-2\">13.4<\/td><td class=\"column-3\">14<\/td><td class=\"column-4\">14.6<\/td><td class=\"column-5\">15.2<\/td><td class=\"column-6\">15.8<\/td><td class=\"column-7\">16.4<\/td><td class=\"column-8\">17.1<\/td><td class=\"column-9\">17.8<\/td><td class=\"column-10\">18.4<\/td><td class=\"column-11\">19<\/td><td class=\"column-12\">19.6<\/td><td class=\"column-13\">20.3<\/td><td class=\"column-14\">21.2<\/td><td class=\"column-15\">21.7<\/td><td class=\"column-16\">22.3<\/td><td class=\"column-17\">23<\/td><td class=\"column-18\">23.6<\/td>\n<\/tr>\n<\/tbody>\n<\/table>\n<!-- #tablepress-32ing from cache -->","protected":false},"excerpt":{"rendered":"<p>Don\u2019t know what size to choose? See quick and easy feet measuring guide. Click here<\/p>","protected":false},"featured_media":101287,"template":"","meta":[],"product_cat":[273,234],"product_tag":[276,266,238],"supplier_id":null,"supplier_sku":"","barcode":null,"atum_controlled":true,"out_stock_date":null,"out_stock_threshold":null,"inheritable":true,"inbound_stock":0,"stock_on_hold":1,"sold_today":1,"sales_last_days":2,"reserved_stock":0,"customer_returns":0,"warehouse_damage":0,"lost_in_post":0,"other_logs":0,"out_stock_days":0,"lost_sales":0,"has_location":false,"update_date":"2024-03-18T14:53:14","atum_locations":[],"atum_stock_status":"instock","restock_status":false,"low_stock_amount":"","sales_update_date":"2022-09-21T12:54:33","calc_backorders":null,"_links":{"self":[{"href":"https:\/\/pikitristore.com\/es\/wp-json\/wp\/v2\/product\/101285"}],"collection":[{"href":"https:\/\/pikitristore.com\/es\/wp-json\/wp\/v2\/product"}],"about":[{"href":"https:\/\/pikitristore.com\/es\/wp-json\/wp\/v2\/types\/product"}],"wp:featuredmedia":[{"embeddable":true,"href":"https:\/\/pikitristore.com\/es\/wp-json\/wp\/v2\/media\/101287"}],"wp:attachment":[{"href":"https:\/\/pikitristore.com\/es\/wp-json\/wp\/v2\/media?parent=101285"}],"wp:term":[{"taxonomy":"product_cat","embeddable":true,"href":"https:\/\/pikitristore.com\/es\/wp-json\/wp\/v2\/product_cat?post=101285"},{"taxonomy":"product_tag","embeddable":true,"href":"https:\/\/pikitristore.com\/es\/wp-json\/wp\/v2\/product_tag?post=101285"}],"curies":[{"name":"wp","href":"https:\/\/api.w.org\/{rel}","templated":true}]}}