{"id":100754,"date":"2019-03-05T17:07:08","date_gmt":"2019-03-05T17:07:08","guid":{"rendered":"http:\/\/nupiki.wearemateria.com\/produto\/varnished-shoes-with-velcro\/"},"modified":"2024-01-10T10:43:16","modified_gmt":"2024-01-10T10:43:16","slug":"eloise-shoes","status":"publish","type":"product","link":"https:\/\/pikitristore.com\/es\/produto\/eloise-zapatos\/","title":{"rendered":"Zapatos Eloise"},"content":{"rendered":"<p>\u00bfNo sabes qu\u00e9 talla elegir?<br \/>\nVer r\u00e1pido y f\u00e1cil <strong>gu\u00eda de medici\u00f3n de pies<\/strong>.<\/p>\n<p><a class=\"button-link-titlewdesc\" title=\"Haga clic aqu\u00ed\" href=\"https:\/\/pikitristore.com\/es\/feet-measuring-guide\/\" target=\"\" rel=\"noopener noreferrer\">Haga clic aqu\u00ed<\/a><\/p>\n\n<table id=\"tablepress-50ing\" class=\"tablepress tablepress-id-50ing\">\n<thead>\n<tr class=\"row-1 odd\">\n\t<th class=\"column-1\">Talla<\/th><th class=\"column-2\">18<\/th><th class=\"column-3\">19<\/th><th class=\"column-4\">20<\/th><th class=\"column-5\">21<\/th><th class=\"column-6\">22<\/th><th class=\"column-7\">23<\/th><th class=\"column-8\">24<\/th><th class=\"column-9\">25<\/th><th class=\"column-10\">26<\/th><th class=\"column-11\">27<\/th><th class=\"column-12\">28<\/th>\n<\/tr>\n<\/thead>\n<tbody class=\"row-hover\">\n<tr class=\"row-2 even\">\n\t<td class=\"column-1\">Cm<\/td><td class=\"column-2\">11.10<\/td><td class=\"column-3\">11.80<\/td><td class=\"column-4\">12.50<\/td><td class=\"column-5\">13.20<\/td><td class=\"column-6\">13.80<\/td><td class=\"column-7\">14.50<\/td><td class=\"column-8\">15.20<\/td><td class=\"column-9\">15.90<\/td><td class=\"column-10\">16.60<\/td><td class=\"column-11\">17.30<\/td><td class=\"column-12\">18.00<\/td>\n<\/tr>\n<\/tbody>\n<\/table>\n<!-- #tablepress-50ing from cache -->","protected":false},"excerpt":{"rendered":"<p>Don\u2019t know what size to choose? See quick and easy feet measuring guide. Click here<\/p>","protected":false},"featured_media":100759,"template":"","meta":[],"product_cat":[273,234],"product_tag":[276,266,306],"supplier_id":null,"supplier_sku":"","barcode":null,"atum_controlled":true,"out_stock_date":null,"out_stock_threshold":null,"inheritable":true,"inbound_stock":0,"stock_on_hold":0,"sold_today":0,"sales_last_days":1,"reserved_stock":0,"customer_returns":0,"warehouse_damage":0,"lost_in_post":0,"other_logs":0,"out_stock_days":0,"lost_sales":0,"has_location":false,"update_date":"2024-01-10T10:43:20","atum_locations":[],"atum_stock_status":"instock","restock_status":false,"low_stock_amount":"","sales_update_date":"2022-11-25T14:08:34","calc_backorders":null,"_links":{"self":[{"href":"https:\/\/pikitristore.com\/es\/wp-json\/wp\/v2\/product\/100754"}],"collection":[{"href":"https:\/\/pikitristore.com\/es\/wp-json\/wp\/v2\/product"}],"about":[{"href":"https:\/\/pikitristore.com\/es\/wp-json\/wp\/v2\/types\/product"}],"wp:featuredmedia":[{"embeddable":true,"href":"https:\/\/pikitristore.com\/es\/wp-json\/wp\/v2\/media\/100759"}],"wp:attachment":[{"href":"https:\/\/pikitristore.com\/es\/wp-json\/wp\/v2\/media?parent=100754"}],"wp:term":[{"taxonomy":"product_cat","embeddable":true,"href":"https:\/\/pikitristore.com\/es\/wp-json\/wp\/v2\/product_cat?post=100754"},{"taxonomy":"product_tag","embeddable":true,"href":"https:\/\/pikitristore.com\/es\/wp-json\/wp\/v2\/product_tag?post=100754"}],"curies":[{"name":"wp","href":"https:\/\/api.w.org\/{rel}","templated":true}]}}