{"id":116670,"date":"2021-03-10T15:56:35","date_gmt":"2021-03-10T15:56:35","guid":{"rendered":"http:\/\/nupiki.wearemateria.com\/?page_id=116670"},"modified":"2023-03-28T12:53:06","modified_gmt":"2023-03-28T11:53:06","slug":"feet-measuring-guide","status":"publish","type":"page","link":"https:\/\/pikitristore.com\/es\/feet-measuring-guide\/","title":{"rendered":"Feet Measuring Guide"},"content":{"rendered":"<section class=\"wpb-content-wrapper\"><section class=\"vc_row wpb_row vc_row-fluid     wow fadeIn\"><div class=\"wpb_column vc_column_container col-xs-mobile-fullwidth vc_col-sm-6 vc_hidden-xs\"><div class=\"vc_column-inner  hongo_responsive_1646827133982\"><div class=\"wpb_wrapper\"><div class=\"vc_row wpb_row vc_inner vc_row-fluid\"><div class=\"wpb_column vc_column_container col-xs-mobile-fullwidth vc_col-sm-6\"><div class=\"vc_column-inner\"><div class=\"wpb_wrapper\"><div class=\"wpb_single_image    hongo-full-width-single-image\">\n\t\t\t<figure class=\"wpb_wrapper vc_figure\">\n\t\t\t\t<div class=\"vc_single_image-wrapper\"><img width=\"300\" height=\"300\" src=\"https:\/\/pikitristore.com\/wp-content\/uploads\/2022\/04\/PIKITRI-MEDIC\u0327A\u0303O_1-300x300.jpg\" class=\"vc_single_image-img attachment-medium\" alt=\"\" decoding=\"async\" title=\"PIKITRI-MEDIC\u0327A\u0303O_1\" srcset=\"https:\/\/pikitristore.com\/wp-content\/uploads\/2022\/04\/PIKITRI-MEDIC\u0327A\u0303O_1-300x300.jpg 300w, https:\/\/pikitristore.com\/wp-content\/uploads\/2022\/04\/PIKITRI-MEDIC\u0327A\u0303O_1-360x360.jpg 360w, https:\/\/pikitristore.com\/wp-content\/uploads\/2022\/04\/PIKITRI-MEDIC\u0327A\u0303O_1-100x100.jpg 100w, https:\/\/pikitristore.com\/wp-content\/uploads\/2022\/04\/PIKITRI-MEDIC\u0327A\u0303O_1-800x800.jpg 800w, https:\/\/pikitristore.com\/wp-content\/uploads\/2022\/04\/PIKITRI-MEDIC\u0327A\u0303O_1-150x150.jpg 150w, https:\/\/pikitristore.com\/wp-content\/uploads\/2022\/04\/PIKITRI-MEDIC\u0327A\u0303O_1-768x768.jpg 768w, https:\/\/pikitristore.com\/wp-content\/uploads\/2022\/04\/PIKITRI-MEDIC\u0327A\u0303O_1-12x12.jpg 12w, https:\/\/pikitristore.com\/wp-content\/uploads\/2022\/04\/PIKITRI-MEDIC\u0327A\u0303O_1-64x64.jpg 64w, https:\/\/pikitristore.com\/wp-content\/uploads\/2022\/04\/PIKITRI-MEDIC\u0327A\u0303O_1-84x84.jpg 84w, https:\/\/pikitristore.com\/wp-content\/uploads\/2022\/04\/PIKITRI-MEDIC\u0327A\u0303O_1-200x200.jpg 200w, https:\/\/pikitristore.com\/wp-content\/uploads\/2022\/04\/PIKITRI-MEDIC\u0327A\u0303O_1-450x450.jpg 450w, https:\/\/pikitristore.com\/wp-content\/uploads\/2022\/04\/PIKITRI-MEDIC\u0327A\u0303O_1-790x790.jpg 790w, https:\/\/pikitristore.com\/wp-content\/uploads\/2022\/04\/PIKITRI-MEDIC\u0327A\u0303O_1.jpg 994w\" sizes=\"(max-width: 300px) 100vw, 300px\" \/><\/div>\n\t\t\t<\/figure>\n\t\t\t\n\t\t<\/div><\/div><\/div><\/div><div class=\"wpb_column vc_column_container col-xs-mobile-fullwidth vc_col-sm-6\"><div class=\"vc_column-inner\"><div class=\"wpb_wrapper\"><\/div><\/div><\/div><\/div><div class=\"text-block-content hongo-text-block-1 last-paragraph-no-margin\"><p>Coloque el pie del ni\u00f1o contra la pared y, en una hoja de papel, dibuje una l\u00ednea con el l\u00e1piz en el dedo gordo (mantenga el l\u00e1piz inclinado a 90 grados).<\/p>\n<\/div><div class=\"vc_empty_space\"   style=\"height: 100px\"><span class=\"vc_empty_space_inner\"><\/span><\/div><div class=\"vc_row wpb_row vc_inner vc_row-fluid\"><div class=\"wpb_column vc_column_container col-xs-mobile-fullwidth vc_col-sm-6\"><div class=\"vc_column-inner\"><div class=\"wpb_wrapper\"><div class=\"wpb_single_image    hongo-full-width-single-image\">\n\t\t\t<figure class=\"wpb_wrapper vc_figure\">\n\t\t\t\t<div class=\"vc_single_image-wrapper\"><img width=\"300\" height=\"300\" src=\"https:\/\/pikitristore.com\/wp-content\/uploads\/2022\/04\/PIKITRI-MEDIC\u0327A\u0303O_3-300x300.jpg\" class=\"vc_single_image-img attachment-medium\" alt=\"\" decoding=\"async\" title=\"PIKITRI-MEDIC\u0327A\u0303O_3\" srcset=\"https:\/\/pikitristore.com\/wp-content\/uploads\/2022\/04\/PIKITRI-MEDIC\u0327A\u0303O_3-300x300.jpg 300w, https:\/\/pikitristore.com\/wp-content\/uploads\/2022\/04\/PIKITRI-MEDIC\u0327A\u0303O_3-360x360.jpg 360w, https:\/\/pikitristore.com\/wp-content\/uploads\/2022\/04\/PIKITRI-MEDIC\u0327A\u0303O_3-100x100.jpg 100w, https:\/\/pikitristore.com\/wp-content\/uploads\/2022\/04\/PIKITRI-MEDIC\u0327A\u0303O_3-800x800.jpg 800w, https:\/\/pikitristore.com\/wp-content\/uploads\/2022\/04\/PIKITRI-MEDIC\u0327A\u0303O_3-150x150.jpg 150w, https:\/\/pikitristore.com\/wp-content\/uploads\/2022\/04\/PIKITRI-MEDIC\u0327A\u0303O_3-768x768.jpg 768w, https:\/\/pikitristore.com\/wp-content\/uploads\/2022\/04\/PIKITRI-MEDIC\u0327A\u0303O_3-12x12.jpg 12w, https:\/\/pikitristore.com\/wp-content\/uploads\/2022\/04\/PIKITRI-MEDIC\u0327A\u0303O_3-64x64.jpg 64w, https:\/\/pikitristore.com\/wp-content\/uploads\/2022\/04\/PIKITRI-MEDIC\u0327A\u0303O_3-84x84.jpg 84w, https:\/\/pikitristore.com\/wp-content\/uploads\/2022\/04\/PIKITRI-MEDIC\u0327A\u0303O_3-200x200.jpg 200w, https:\/\/pikitristore.com\/wp-content\/uploads\/2022\/04\/PIKITRI-MEDIC\u0327A\u0303O_3-450x450.jpg 450w, https:\/\/pikitristore.com\/wp-content\/uploads\/2022\/04\/PIKITRI-MEDIC\u0327A\u0303O_3-790x790.jpg 790w, https:\/\/pikitristore.com\/wp-content\/uploads\/2022\/04\/PIKITRI-MEDIC\u0327A\u0303O_3.jpg 994w\" sizes=\"(max-width: 300px) 100vw, 300px\" \/><\/div>\n\t\t\t<\/figure>\n\t\t\t\n\t\t<\/div><\/div><\/div><\/div><div class=\"wpb_column vc_column_container col-xs-mobile-fullwidth vc_col-sm-6\"><div class=\"vc_column-inner\"><div class=\"wpb_wrapper\"><\/div><\/div><\/div><\/div><div class=\"text-block-content hongo-text-block-2 last-paragraph-no-margin\"><p>Con una regla, mida la l\u00ednea dibujada.<\/p>\n<\/div><\/div><\/div><\/div><div class=\"wpb_column vc_column_container col-xs-mobile-fullwidth vc_col-sm-6 vc_hidden-xs\"><div class=\"vc_column-inner  hongo_responsive_1646827138853\"><div class=\"wpb_wrapper\"><div class=\"vc_row wpb_row vc_inner vc_row-fluid\"><div class=\"wpb_column vc_column_container col-xs-mobile-fullwidth vc_col-sm-6\"><div class=\"vc_column-inner\"><div class=\"wpb_wrapper\"><div class=\"wpb_single_image    hongo-full-width-single-image\">\n\t\t\t<figure class=\"wpb_wrapper vc_figure\">\n\t\t\t\t<div class=\"vc_single_image-wrapper\"><img width=\"300\" height=\"300\" src=\"https:\/\/pikitristore.com\/wp-content\/uploads\/2022\/04\/PIKITRI-MEDIC\u0327A\u0303O_2-300x300.jpg\" class=\"vc_single_image-img attachment-medium\" alt=\"\" decoding=\"async\" title=\"PIKITRI-MEDIC\u0327A\u0303O_2\" srcset=\"https:\/\/pikitristore.com\/wp-content\/uploads\/2022\/04\/PIKITRI-MEDIC\u0327A\u0303O_2-300x300.jpg 300w, https:\/\/pikitristore.com\/wp-content\/uploads\/2022\/04\/PIKITRI-MEDIC\u0327A\u0303O_2-360x360.jpg 360w, https:\/\/pikitristore.com\/wp-content\/uploads\/2022\/04\/PIKITRI-MEDIC\u0327A\u0303O_2-100x100.jpg 100w, https:\/\/pikitristore.com\/wp-content\/uploads\/2022\/04\/PIKITRI-MEDIC\u0327A\u0303O_2-800x800.jpg 800w, https:\/\/pikitristore.com\/wp-content\/uploads\/2022\/04\/PIKITRI-MEDIC\u0327A\u0303O_2-150x150.jpg 150w, https:\/\/pikitristore.com\/wp-content\/uploads\/2022\/04\/PIKITRI-MEDIC\u0327A\u0303O_2-768x768.jpg 768w, https:\/\/pikitristore.com\/wp-content\/uploads\/2022\/04\/PIKITRI-MEDIC\u0327A\u0303O_2-12x12.jpg 12w, https:\/\/pikitristore.com\/wp-content\/uploads\/2022\/04\/PIKITRI-MEDIC\u0327A\u0303O_2-64x64.jpg 64w, https:\/\/pikitristore.com\/wp-content\/uploads\/2022\/04\/PIKITRI-MEDIC\u0327A\u0303O_2-84x84.jpg 84w, https:\/\/pikitristore.com\/wp-content\/uploads\/2022\/04\/PIKITRI-MEDIC\u0327A\u0303O_2-200x200.jpg 200w, https:\/\/pikitristore.com\/wp-content\/uploads\/2022\/04\/PIKITRI-MEDIC\u0327A\u0303O_2-450x450.jpg 450w, https:\/\/pikitristore.com\/wp-content\/uploads\/2022\/04\/PIKITRI-MEDIC\u0327A\u0303O_2-790x790.jpg 790w, https:\/\/pikitristore.com\/wp-content\/uploads\/2022\/04\/PIKITRI-MEDIC\u0327A\u0303O_2.jpg 994w\" sizes=\"(max-width: 300px) 100vw, 300px\" \/><\/div>\n\t\t\t<\/figure>\n\t\t\t\n\t\t<\/div><\/div><\/div><\/div><div class=\"wpb_column vc_column_container col-xs-mobile-fullwidth vc_col-sm-6\"><div class=\"vc_column-inner\"><div class=\"wpb_wrapper\"><\/div><\/div><\/div><\/div><div class=\"text-block-content hongo-text-block-3 last-paragraph-no-margin\"><p>Traza una l\u00ednea entre estos dos puntos (el comienzo de la s\u00e1bana y la l\u00ednea del dedo gordo del pie).<\/p>\n<\/div><div class=\"vc_empty_space\"   style=\"height: 100px\"><span class=\"vc_empty_space_inner\"><\/span><\/div><div class=\"vc_row wpb_row vc_inner vc_row-fluid\"><div class=\"wpb_column vc_column_container col-xs-mobile-fullwidth vc_col-sm-4\"><div class=\"vc_column-inner\"><div class=\"wpb_wrapper\"><div class=\"wpb_single_image     hongo_responsive_1649674530171 hongo-full-width-single-image\">\n\t\t\t<figure class=\"wpb_wrapper vc_figure\">\n\t\t\t\t<div class=\"vc_single_image-wrapper\"><img width=\"300\" height=\"209\" src=\"https:\/\/pikitristore.com\/wp-content\/uploads\/2022\/04\/PIKITRI-MEDIC\u0327A\u0303O-PE\u0301_4_V3-300x209.jpg\" class=\"vc_single_image-img attachment-medium\" alt=\"\" decoding=\"async\" title=\"PIKITRI-MEDIC\u0327A\u0303O-PE\u0301_4_V3\" srcset=\"https:\/\/pikitristore.com\/wp-content\/uploads\/2022\/04\/PIKITRI-MEDIC\u0327A\u0303O-PE\u0301_4_V3-300x209.jpg 300w, https:\/\/pikitristore.com\/wp-content\/uploads\/2022\/04\/PIKITRI-MEDIC\u0327A\u0303O-PE\u0301_4_V3-360x250.jpg 360w, https:\/\/pikitristore.com\/wp-content\/uploads\/2022\/04\/PIKITRI-MEDIC\u0327A\u0303O-PE\u0301_4_V3-800x556.jpg 800w, https:\/\/pikitristore.com\/wp-content\/uploads\/2022\/04\/PIKITRI-MEDIC\u0327A\u0303O-PE\u0301_4_V3-768x534.jpg 768w, https:\/\/pikitristore.com\/wp-content\/uploads\/2022\/04\/PIKITRI-MEDIC\u0327A\u0303O-PE\u0301_4_V3-18x12.jpg 18w, https:\/\/pikitristore.com\/wp-content\/uploads\/2022\/04\/PIKITRI-MEDIC\u0327A\u0303O-PE\u0301_4_V3-84x58.jpg 84w, https:\/\/pikitristore.com\/wp-content\/uploads\/2022\/04\/PIKITRI-MEDIC\u0327A\u0303O-PE\u0301_4_V3-200x139.jpg 200w, https:\/\/pikitristore.com\/wp-content\/uploads\/2022\/04\/PIKITRI-MEDIC\u0327A\u0303O-PE\u0301_4_V3-450x313.jpg 450w, https:\/\/pikitristore.com\/wp-content\/uploads\/2022\/04\/PIKITRI-MEDIC\u0327A\u0303O-PE\u0301_4_V3.jpg 994w\" sizes=\"(max-width: 300px) 100vw, 300px\" \/><\/div>\n\t\t\t<\/figure>\n\t\t\t\n\t\t<\/div><\/div><\/div><\/div><div class=\"wpb_column vc_column_container col-xs-mobile-fullwidth vc_col-sm-4\"><div class=\"vc_column-inner\"><div class=\"wpb_wrapper\"><\/div><\/div><\/div><div class=\"wpb_column vc_column_container col-xs-mobile-fullwidth vc_col-sm-4\"><div class=\"vc_column-inner\"><div class=\"wpb_wrapper\"><\/div><\/div><\/div><\/div><div class=\"vc_empty_space\"   style=\"height: 32px\"><span class=\"vc_empty_space_inner\"><\/span><\/div><div class=\"text-block-content hongo-text-block-4 vc_custom_1649671244938 last-paragraph-no-margin\"><p>Consulta la tabla y encuentra la talla de calzado m\u00e1s adecuada para el pie de tu hijo. Las medidas indicadas se refieren a la medida en cent\u00edmetros de la suela interior y la dimensi\u00f3n de la talla correspondiente.<\/p>\n<\/div><\/div><\/div><\/div><\/section><section class=\"vc_row wpb_row vc_row-fluid  vc_custom_1646827415608   wow fadeIn\"><div class=\"wpb_column vc_column_container col-xs-mobile-fullwidth vc_col-sm-6 vc_hidden-lg vc_hidden-md vc_hidden-sm\"><div class=\"vc_column-inner  hongo_responsive_1646827146197\"><div class=\"wpb_wrapper\"><div class=\"vc_empty_space\"   style=\"height: 32px\"><span class=\"vc_empty_space_inner\"><\/span><\/div><div class=\"vc_row wpb_row vc_inner vc_row-fluid\"><div class=\"wpb_column vc_column_container col-xs-mobile-fullwidth vc_col-sm-6\"><div class=\"vc_column-inner\"><div class=\"wpb_wrapper\"><div class=\"wpb_single_image    hongo-full-width-single-image\">\n\t\t\t<figure class=\"wpb_wrapper vc_figure\">\n\t\t\t\t<div class=\"vc_single_image-wrapper\"><img width=\"300\" height=\"300\" src=\"https:\/\/pikitristore.com\/wp-content\/uploads\/2022\/04\/PIKITRI-MEDIC\u0327A\u0303O_1-300x300.jpg\" class=\"vc_single_image-img attachment-medium\" alt=\"\" decoding=\"async\" title=\"PIKITRI-MEDIC\u0327A\u0303O_1\" srcset=\"https:\/\/pikitristore.com\/wp-content\/uploads\/2022\/04\/PIKITRI-MEDIC\u0327A\u0303O_1-300x300.jpg 300w, https:\/\/pikitristore.com\/wp-content\/uploads\/2022\/04\/PIKITRI-MEDIC\u0327A\u0303O_1-360x360.jpg 360w, https:\/\/pikitristore.com\/wp-content\/uploads\/2022\/04\/PIKITRI-MEDIC\u0327A\u0303O_1-100x100.jpg 100w, https:\/\/pikitristore.com\/wp-content\/uploads\/2022\/04\/PIKITRI-MEDIC\u0327A\u0303O_1-800x800.jpg 800w, https:\/\/pikitristore.com\/wp-content\/uploads\/2022\/04\/PIKITRI-MEDIC\u0327A\u0303O_1-150x150.jpg 150w, https:\/\/pikitristore.com\/wp-content\/uploads\/2022\/04\/PIKITRI-MEDIC\u0327A\u0303O_1-768x768.jpg 768w, https:\/\/pikitristore.com\/wp-content\/uploads\/2022\/04\/PIKITRI-MEDIC\u0327A\u0303O_1-12x12.jpg 12w, https:\/\/pikitristore.com\/wp-content\/uploads\/2022\/04\/PIKITRI-MEDIC\u0327A\u0303O_1-64x64.jpg 64w, https:\/\/pikitristore.com\/wp-content\/uploads\/2022\/04\/PIKITRI-MEDIC\u0327A\u0303O_1-84x84.jpg 84w, https:\/\/pikitristore.com\/wp-content\/uploads\/2022\/04\/PIKITRI-MEDIC\u0327A\u0303O_1-200x200.jpg 200w, https:\/\/pikitristore.com\/wp-content\/uploads\/2022\/04\/PIKITRI-MEDIC\u0327A\u0303O_1-450x450.jpg 450w, https:\/\/pikitristore.com\/wp-content\/uploads\/2022\/04\/PIKITRI-MEDIC\u0327A\u0303O_1-790x790.jpg 790w, https:\/\/pikitristore.com\/wp-content\/uploads\/2022\/04\/PIKITRI-MEDIC\u0327A\u0303O_1.jpg 994w\" sizes=\"(max-width: 300px) 100vw, 300px\" \/><\/div>\n\t\t\t<\/figure>\n\t\t\t\n\t\t<\/div><\/div><\/div><\/div><div class=\"wpb_column vc_column_container col-xs-mobile-fullwidth vc_col-sm-6\"><div class=\"vc_column-inner\"><div class=\"wpb_wrapper\"><\/div><\/div><\/div><\/div><div class=\"text-block-content hongo-text-block-5 last-paragraph-no-margin\"><p>Place the foot on a sheet of paper and, with a pencil, mark a line on the big toe and another on the heel (keep the pencil tilted about 45 degrees).<\/p>\n<\/div><div class=\"vc_empty_space\"   style=\"height: 50px\"><span class=\"vc_empty_space_inner\"><\/span><\/div><div class=\"vc_row wpb_row vc_inner vc_row-fluid\"><div class=\"wpb_column vc_column_container col-xs-mobile-fullwidth vc_col-sm-4\"><div class=\"vc_column-inner\"><div class=\"wpb_wrapper\"><div class=\"wpb_single_image    hongo-full-width-single-image\">\n\t\t\t<figure class=\"wpb_wrapper vc_figure\">\n\t\t\t\t<div class=\"vc_single_image-wrapper\"><img width=\"300\" height=\"300\" src=\"https:\/\/pikitristore.com\/wp-content\/uploads\/2022\/04\/PIKITRI-MEDIC\u0327A\u0303O_2-300x300.jpg\" class=\"vc_single_image-img attachment-medium\" alt=\"\" decoding=\"async\" title=\"PIKITRI-MEDIC\u0327A\u0303O_2\" srcset=\"https:\/\/pikitristore.com\/wp-content\/uploads\/2022\/04\/PIKITRI-MEDIC\u0327A\u0303O_2-300x300.jpg 300w, https:\/\/pikitristore.com\/wp-content\/uploads\/2022\/04\/PIKITRI-MEDIC\u0327A\u0303O_2-360x360.jpg 360w, https:\/\/pikitristore.com\/wp-content\/uploads\/2022\/04\/PIKITRI-MEDIC\u0327A\u0303O_2-100x100.jpg 100w, https:\/\/pikitristore.com\/wp-content\/uploads\/2022\/04\/PIKITRI-MEDIC\u0327A\u0303O_2-800x800.jpg 800w, https:\/\/pikitristore.com\/wp-content\/uploads\/2022\/04\/PIKITRI-MEDIC\u0327A\u0303O_2-150x150.jpg 150w, https:\/\/pikitristore.com\/wp-content\/uploads\/2022\/04\/PIKITRI-MEDIC\u0327A\u0303O_2-768x768.jpg 768w, https:\/\/pikitristore.com\/wp-content\/uploads\/2022\/04\/PIKITRI-MEDIC\u0327A\u0303O_2-12x12.jpg 12w, https:\/\/pikitristore.com\/wp-content\/uploads\/2022\/04\/PIKITRI-MEDIC\u0327A\u0303O_2-64x64.jpg 64w, https:\/\/pikitristore.com\/wp-content\/uploads\/2022\/04\/PIKITRI-MEDIC\u0327A\u0303O_2-84x84.jpg 84w, https:\/\/pikitristore.com\/wp-content\/uploads\/2022\/04\/PIKITRI-MEDIC\u0327A\u0303O_2-200x200.jpg 200w, https:\/\/pikitristore.com\/wp-content\/uploads\/2022\/04\/PIKITRI-MEDIC\u0327A\u0303O_2-450x450.jpg 450w, https:\/\/pikitristore.com\/wp-content\/uploads\/2022\/04\/PIKITRI-MEDIC\u0327A\u0303O_2-790x790.jpg 790w, https:\/\/pikitristore.com\/wp-content\/uploads\/2022\/04\/PIKITRI-MEDIC\u0327A\u0303O_2.jpg 994w\" sizes=\"(max-width: 300px) 100vw, 300px\" \/><\/div>\n\t\t\t<\/figure>\n\t\t\t\n\t\t<\/div><\/div><\/div><\/div><div class=\"wpb_column vc_column_container col-xs-mobile-fullwidth vc_col-sm-4\"><div class=\"vc_column-inner\"><div class=\"wpb_wrapper\"><\/div><\/div><\/div><div class=\"wpb_column vc_column_container col-xs-mobile-fullwidth vc_col-sm-4\"><div class=\"vc_column-inner\"><div class=\"wpb_wrapper\"><\/div><\/div><\/div><\/div><div class=\"text-block-content hongo-text-block-6 last-paragraph-no-margin\"><p>Draw a straight line between the longest distance marked strokes on the sheet.<\/p>\n<\/div><\/div><\/div><\/div><div class=\"wpb_column vc_column_container col-xs-mobile-fullwidth vc_col-sm-6 vc_hidden-lg vc_hidden-md vc_hidden-sm\"><div class=\"vc_column-inner  hongo_responsive_1646827151934\"><div class=\"wpb_wrapper\"><div class=\"vc_empty_space\"   style=\"height: 32px\"><span class=\"vc_empty_space_inner\"><\/span><\/div><div class=\"vc_row wpb_row vc_inner vc_row-fluid\"><div class=\"wpb_column vc_column_container col-xs-mobile-fullwidth vc_col-sm-6\"><div class=\"vc_column-inner\"><div class=\"wpb_wrapper\"><div class=\"wpb_single_image    hongo-full-width-single-image\">\n\t\t\t<figure class=\"wpb_wrapper vc_figure\">\n\t\t\t\t<div class=\"vc_single_image-wrapper\"><img width=\"300\" height=\"300\" src=\"https:\/\/pikitristore.com\/wp-content\/uploads\/2022\/04\/PIKITRI-MEDIC\u0327A\u0303O_3-300x300.jpg\" class=\"vc_single_image-img attachment-medium\" alt=\"\" decoding=\"async\" title=\"PIKITRI-MEDIC\u0327A\u0303O_3\" srcset=\"https:\/\/pikitristore.com\/wp-content\/uploads\/2022\/04\/PIKITRI-MEDIC\u0327A\u0303O_3-300x300.jpg 300w, https:\/\/pikitristore.com\/wp-content\/uploads\/2022\/04\/PIKITRI-MEDIC\u0327A\u0303O_3-360x360.jpg 360w, https:\/\/pikitristore.com\/wp-content\/uploads\/2022\/04\/PIKITRI-MEDIC\u0327A\u0303O_3-100x100.jpg 100w, https:\/\/pikitristore.com\/wp-content\/uploads\/2022\/04\/PIKITRI-MEDIC\u0327A\u0303O_3-800x800.jpg 800w, https:\/\/pikitristore.com\/wp-content\/uploads\/2022\/04\/PIKITRI-MEDIC\u0327A\u0303O_3-150x150.jpg 150w, https:\/\/pikitristore.com\/wp-content\/uploads\/2022\/04\/PIKITRI-MEDIC\u0327A\u0303O_3-768x768.jpg 768w, https:\/\/pikitristore.com\/wp-content\/uploads\/2022\/04\/PIKITRI-MEDIC\u0327A\u0303O_3-12x12.jpg 12w, https:\/\/pikitristore.com\/wp-content\/uploads\/2022\/04\/PIKITRI-MEDIC\u0327A\u0303O_3-64x64.jpg 64w, https:\/\/pikitristore.com\/wp-content\/uploads\/2022\/04\/PIKITRI-MEDIC\u0327A\u0303O_3-84x84.jpg 84w, https:\/\/pikitristore.com\/wp-content\/uploads\/2022\/04\/PIKITRI-MEDIC\u0327A\u0303O_3-200x200.jpg 200w, https:\/\/pikitristore.com\/wp-content\/uploads\/2022\/04\/PIKITRI-MEDIC\u0327A\u0303O_3-450x450.jpg 450w, https:\/\/pikitristore.com\/wp-content\/uploads\/2022\/04\/PIKITRI-MEDIC\u0327A\u0303O_3-790x790.jpg 790w, https:\/\/pikitristore.com\/wp-content\/uploads\/2022\/04\/PIKITRI-MEDIC\u0327A\u0303O_3.jpg 994w\" sizes=\"(max-width: 300px) 100vw, 300px\" \/><\/div>\n\t\t\t<\/figure>\n\t\t\t\n\t\t<\/div><\/div><\/div><\/div><div class=\"wpb_column vc_column_container col-xs-mobile-fullwidth vc_col-sm-6\"><div class=\"vc_column-inner\"><div class=\"wpb_wrapper\"><\/div><\/div><\/div><\/div><div class=\"text-block-content hongo-text-block-7 last-paragraph-no-margin\"><p>Con una regla, mida la l\u00ednea dibujada.<\/p>\n<\/div><div class=\"vc_empty_space\"   style=\"height: 50px\"><span class=\"vc_empty_space_inner\"><\/span><\/div><div class=\"vc_row wpb_row vc_inner vc_row-fluid\"><div class=\"wpb_column vc_column_container col-xs-mobile-fullwidth vc_col-sm-4\"><div class=\"vc_column-inner\"><div class=\"wpb_wrapper\"><div class=\"wpb_single_image  ponto4 vc_custom_1649676230821\">\n\t\t\t<figure class=\"wpb_wrapper vc_figure\">\n\t\t\t\t<div class=\"vc_single_image-wrapper\"><img width=\"300\" height=\"209\" src=\"https:\/\/pikitristore.com\/wp-content\/uploads\/2022\/04\/PIKITRI-MEDIC\u0327A\u0303O-PE\u0301_4_V3-300x209.jpg\" class=\"vc_single_image-img attachment-medium\" alt=\"\" decoding=\"async\" title=\"PIKITRI-MEDIC\u0327A\u0303O-PE\u0301_4_V3\" srcset=\"https:\/\/pikitristore.com\/wp-content\/uploads\/2022\/04\/PIKITRI-MEDIC\u0327A\u0303O-PE\u0301_4_V3-300x209.jpg 300w, https:\/\/pikitristore.com\/wp-content\/uploads\/2022\/04\/PIKITRI-MEDIC\u0327A\u0303O-PE\u0301_4_V3-360x250.jpg 360w, https:\/\/pikitristore.com\/wp-content\/uploads\/2022\/04\/PIKITRI-MEDIC\u0327A\u0303O-PE\u0301_4_V3-800x556.jpg 800w, https:\/\/pikitristore.com\/wp-content\/uploads\/2022\/04\/PIKITRI-MEDIC\u0327A\u0303O-PE\u0301_4_V3-768x534.jpg 768w, https:\/\/pikitristore.com\/wp-content\/uploads\/2022\/04\/PIKITRI-MEDIC\u0327A\u0303O-PE\u0301_4_V3-18x12.jpg 18w, https:\/\/pikitristore.com\/wp-content\/uploads\/2022\/04\/PIKITRI-MEDIC\u0327A\u0303O-PE\u0301_4_V3-84x58.jpg 84w, https:\/\/pikitristore.com\/wp-content\/uploads\/2022\/04\/PIKITRI-MEDIC\u0327A\u0303O-PE\u0301_4_V3-200x139.jpg 200w, https:\/\/pikitristore.com\/wp-content\/uploads\/2022\/04\/PIKITRI-MEDIC\u0327A\u0303O-PE\u0301_4_V3-450x313.jpg 450w, https:\/\/pikitristore.com\/wp-content\/uploads\/2022\/04\/PIKITRI-MEDIC\u0327A\u0303O-PE\u0301_4_V3.jpg 994w\" sizes=\"(max-width: 300px) 100vw, 300px\" \/><\/div>\n\t\t\t<\/figure>\n\t\t\t\n\t\t<\/div><\/div><\/div><\/div><div class=\"wpb_column vc_column_container col-xs-mobile-fullwidth vc_col-sm-4\"><div class=\"vc_column-inner\"><div class=\"wpb_wrapper\"><\/div><\/div><\/div><div class=\"wpb_column vc_column_container col-xs-mobile-fullwidth vc_col-sm-4\"><div class=\"vc_column-inner\"><div class=\"wpb_wrapper\"><\/div><\/div><\/div><\/div><div class=\"vc_empty_space\"   style=\"height: 32px\"><span class=\"vc_empty_space_inner\"><\/span><\/div><div class=\"text-block-content hongo-text-block-8 vc_custom_1615394881339 last-paragraph-no-margin\"><p>Use the chart to find the most appropriate shoe size for the child\u2019s foot. The measurements given refer to the measurement in centimeters of the inner lenght and the corresponding size dimension.<\/p>\n<\/div><\/div><\/div><\/div><\/section><section class=\"vc_row wpb_row vc_row-fluid     wow fadeIn  hongo_responsive_1680004385432\"><div class=\"wpb_column vc_column_container col-xs-mobile-fullwidth vc_col-sm-6\"><div class=\"vc_column-inner  hongo_responsive_1572672047237\"><div class=\"wpb_wrapper\"><div class=\"text-block-content hongo-text-block-9 last-paragraph-no-margin\"><h1><strong>Ni\u00f1a<\/strong><\/h1>\n<\/div><div class=\"wpb_single_image    hongo-full-width-single-image\">\n\t\t\t<figure class=\"wpb_wrapper vc_figure\">\n\t\t\t\t<a href=\"\/es\/categoria-produto\/girl\/\" class=\"vc_single_image-wrapper\"><img class=\"vc_single_image-img\" src=\"https:\/\/pikitristore.com\/wp-content\/uploads\/2021\/03\/menina-550x450.jpg\" width=\"550\" height=\"450\" alt=\"menina\" title=\"menina\" \/><\/a>\n\t\t\t<\/figure>\n\t\t\t\n\t\t<\/div><\/div><\/div><\/div><div class=\"wpb_column vc_column_container col-xs-mobile-fullwidth vc_col-sm-6\"><div class=\"vc_column-inner  hongo_responsive_1572672053405\"><div class=\"wpb_wrapper\"><div class=\"text-block-content hongo-text-block-10 last-paragraph-no-margin\"><h1><strong>Ni\u00f1o<\/strong><\/h1>\n<\/div><div class=\"wpb_single_image    hongo-full-width-single-image\">\n\t\t\t<figure class=\"wpb_wrapper vc_figure\">\n\t\t\t\t<a href=\"\/es\/categoria-produto\/boy\/\" class=\"vc_single_image-wrapper\"><img class=\"vc_single_image-img\" src=\"https:\/\/pikitristore.com\/wp-content\/uploads\/2021\/03\/menino-550x450.jpg\" width=\"550\" height=\"450\" alt=\"menino\" title=\"menino\" \/><\/a>\n\t\t\t<\/figure>\n\t\t\t\n\t\t<\/div><\/div><\/div><\/div><\/section>\n<\/section>","protected":false},"excerpt":{"rendered":"Place the kids' foot against the wall and, on a sheet of paper, trace a line with a pencil on the big toe (keep the pencil inclined at 90 degrees). With a ruler, measure the line you draw. Draw a line between these two points (the beginning of the sheet and the line of the big toe). Check the table and find the most suitable shoe size for your kids' foot. The measurements indicated refer to the measurement in centimeters of the inner sole and the dimension of the corresponding size. Place the foot on a sheet of paper and, with a pencil, mark a line on the big toe and another on the heel (keep the pencil tilted about 45 degrees). Draw a straight line between the longest distance marked strokes on the sheet. With a ruler, measure the line you draw. Use the chart to find the most appropriate shoe size for the child\u2019s foot. The measurements given refer to the measurement in centimeters of the inner lenght and the corresponding size dimension. Girl Boy","protected":false},"author":1,"featured_media":0,"parent":0,"menu_order":0,"comment_status":"closed","ping_status":"closed","template":"","meta":[],"_links":{"self":[{"href":"https:\/\/pikitristore.com\/es\/wp-json\/wp\/v2\/pages\/116670"}],"collection":[{"href":"https:\/\/pikitristore.com\/es\/wp-json\/wp\/v2\/pages"}],"about":[{"href":"https:\/\/pikitristore.com\/es\/wp-json\/wp\/v2\/types\/page"}],"author":[{"embeddable":true,"href":"https:\/\/pikitristore.com\/es\/wp-json\/wp\/v2\/users\/1"}],"replies":[{"embeddable":true,"href":"https:\/\/pikitristore.com\/es\/wp-json\/wp\/v2\/comments?post=116670"}],"version-history":[{"count":1,"href":"https:\/\/pikitristore.com\/es\/wp-json\/wp\/v2\/pages\/116670\/revisions"}],"predecessor-version":[{"id":131038,"href":"https:\/\/pikitristore.com\/es\/wp-json\/wp\/v2\/pages\/116670\/revisions\/131038"}],"wp:attachment":[{"href":"https:\/\/pikitristore.com\/es\/wp-json\/wp\/v2\/media?parent=116670"}],"curies":[{"name":"wp","href":"https:\/\/api.w.org\/{rel}","templated":true}]}}